{"id":454,"date":"2019-03-19T10:11:32","date_gmt":"2019-03-19T10:11:32","guid":{"rendered":"http:\/\/acc.votematch.eu\/privacy-policy\/"},"modified":"2019-05-09T21:44:37","modified_gmt":"2019-05-09T21:44:37","slug":"privacy-policy","status":"publish","type":"page","link":"https:\/\/acc.votematch.eu\/sv\/privacy-policy\/","title":{"rendered":"Integritetspolicy VoteMatch Europe"},"content":{"rendered":"\n<p><em>1 april 2019<\/em><\/p>\n\n\n\n<p>Vi p\u00e5 VoteMatch Europe tar din integritet p\u00e5 stort\nallvarligt. Vid behandling av personuppgifter i\nVoteMatch Europas arbete \u00e4r datahanteringen i \u00f6verensst\u00e4mmelse med lagstiftning\nom dataskydd, liksom den allm\u00e4nna dataskyddsf\u00f6rordningen (GDPR). Det betyder\natt vi:<\/p>\n\n\n\n<ul class=\"wp-block-list\"><li>tydligt anger v\u00e5rt syfte innan vi behandlar personuppgifter enligt v\u00e5r integritetspolicy;<\/li><li>begr\u00e4nsar v\u00e5rt urval av personuppgifter till endast de personuppgifter som kr\u00e4vs f\u00f6r legitima \u00e4ndam\u00e5l;<\/li><li>Uttryckligt beg\u00e4r tillst\u00e5nd att behandla dina personuppgifter i de fall d\u00e4r ditt tillst\u00e5nd kr\u00e4vs;<\/li><li>vidta l\u00e4mpliga s\u00e4kerhets\u00e5tg\u00e4rder f\u00f6r att skydda dina personuppgifter, och vi kr\u00e4ver detsamma fr\u00e5n partnerna som behandlar personuppgifter p\u00e5 v\u00e5r v\u00e4gnar;<\/li><li>respekterar din r\u00e4tt att f\u00e5 tillg\u00e5ng till, korrigera eller ta bort dina personuppgifter som vi har.<\/li><\/ul>\n\n\n\n<h3 class=\"wp-block-heading\">Vem st\u00e5r bakom VoteMatch Europe? <\/h3>\n\n\n\n<p>ProDemos, House for Democracy and the rule of law ansvarar f\u00f6r all databehandling. I denna integritetspolicy beskrivs vilken typ av personuppgifter vi samlar in och f\u00f6r vilka \u00e4ndam\u00e5l i f\u00f6rh\u00e5llande till VoteMatch Europe projektet. Vi rekommenderar att du l\u00e4ser det noggrant. Om du har n\u00e5gra fr\u00e5gor ang\u00e5ende behandling av personuppgifter, \u00e4r du v\u00e4lkommen att kontakta oss.<\/p>\n\n\n\n<p>ProDemos, House for Democracy and the rule of law <br> Hofweg 1H<br> 2511 AA The Hague <br> <a href=\"mailto:privacy@prodemos.nl\">privacy@prodemos.nl<\/a> <br> 0031707570200<\/p>\n\n\n\n<h3 class=\"wp-block-heading\">Vilken tekniska data hanterar vi f\u00f6r att f\u00e5 bra servertrafik?<\/h3>\n\n\n\n<p>F\u00f6r att s\u00e4kerst\u00e4lla att VoteMatch Europe servern fungerar korrekt lagrar vi f\u00f6ljande tekniska data:<\/p>\n\n\n\n<ul class=\"wp-block-list\"><li>Din IP-adress<\/li><li>Det faktum att du startar VoteMatch<\/li><li>Vilken enhet du anv\u00e4nder<\/li><li>Vilket system du anv\u00e4nder<\/li><li>Vilken webbl\u00e4sare du anv\u00e4nder<\/li><li>Den tid du startar VoteMatch<\/li><\/ul>\n\n\n\n<p>Den tekniska informationen sparas i h\u00f6gst 30 dagar. D\u00e4refter raderas dina data.<\/p>\n\n\n\n<h3 class=\"wp-block-heading\"><strong>Vilka personuppgifter behandlar vi f\u00f6r att VoteMatch Europe ska fungera korrekt?<\/strong><\/h3>\n\n\n\n<p>Vi anv\u00e4nder dina personuppgifter f\u00f6r att ge dig inblick i j\u00e4mf\u00f6relsen av dina svar med positioner fr\u00e5n politiska partier i andra EU-l\u00e4nder.<br>Vi mottar personuppgifter fr\u00e5n nationella valkompasser (VAA),\u00a0 fr\u00e5n partnerorganisationer inom EU. ProDemos har avtal om \u00f6verf\u00f6ring av personuppgifter med alla partnerorganisationer. Avtalet anger bland annat att uppgifterna endast \u00f6verf\u00f6rs till ProDemos servrar efter ditt uttryckliga bekr\u00e4ftande samtycke.<br>De personuppgifter vi anv\u00e4nder f\u00f6r att ge dig inblick i ditt resultat p\u00e5 EU-niv\u00e5 \u00e4r: <\/p>\n\n\n\n<ul class=\"wp-block-list\"><li>dina svar p\u00e5 de 16 politiska\np\u00e5st\u00e5endena,<\/li><li>din procentuella \u00f6verensst\u00e4mmelse med de\npolitiska partierna; <\/li><li>det land som genomf\u00f6rt valkompassen; och\n<\/li><li>teknisk information (som ditt valda spr\u00e5k).<\/li><\/ul>\n\n\n\n<h3 class=\"wp-block-heading\"><strong>F\u00f6r vilka \u00e4ndam\u00e5l anv\u00e4nder vi dina personuppgifter?<\/strong><\/h3>\n\n\n\n<p>Vi behandlar dina personuppgifter f\u00f6r f\u00f6ljande \u00e4ndam\u00e5l:<\/p>\n\n\n\n<ul class=\"wp-block-list\"><li>f\u00f6r att du ska kunna anv\u00e4nda VoteMatch<\/li><li>f\u00f6r att garantera Votematchs s\u00e4kerhet<\/li><li>f\u00f6r att skapa statistik f\u00f6r anv\u00e4ndningen\nav VoteMatch Europe; och<\/li><li>f\u00f6r att ge dig inblick i de politiska\npartiers st\u00e4llning i andra medlemsstater.<\/li><\/ul>\n\n\n\n<h3 class=\"wp-block-heading\"><strong>Hur l\u00e4nge lagras personuppgifterna?<\/strong><\/h3>\n\n\n\n<p>Efter att ha l\u00e4mnat VoteMatch Europe kommer alla dina svar och andra data att raderas fr\u00e5n VoteMatch Europe servern.<\/p>\n\n\n\n<h3 class=\"wp-block-heading\"><strong>Hur hanterar vi dina data?<\/strong><\/h3>\n\n\n\n<p>Vi behandlar dina uppgifter med st\u00f6rsta konfidentialitet. Under inga omst\u00e4ndigheter kommer vi att l\u00e4mna din personliga information till andra parter, f\u00f6retag eller organisationer om vi inte m\u00e5ste g\u00f6ra det enligt lag (till exempel om polisen beh\u00f6ver tillg\u00e5ng till personlig information vid misst\u00e4nkt brott). Vi mottar endast data fr\u00e5n nationella valkompasser med vilka vi har ett data\u00f6verf\u00f6ringsavtal. \u00d6verf\u00f6ringsavtalet inneh\u00e5ller strikta regler om s\u00e4kerhet och integritet. <\/p>\n\n\n\n<h3 class=\"wp-block-heading\"><strong>S\u00e4kerhet<\/strong><\/h3>\n\n\n\n<p>Vi vidtar s\u00e4kerhets\u00e5tg\u00e4rder f\u00f6r att minska missbruk och obeh\u00f6rig tillg\u00e5ng till personuppgifter. Vi tar ansvar f\u00f6r s\u00e4kerheten f\u00f6r dina personuppgifter. Vi f\u00f6rnyar kontinuerligt v\u00e5ra s\u00e4kerhets\u00e5tg\u00e4rder f\u00f6r att s\u00e4kerst\u00e4lla s\u00e4ker lagring av personuppgifter och \u00f6vervaka potentiella risker.<\/p>\n\n\n\n<h3 class=\"wp-block-heading\">Vilka data behandlas av Cookies?<\/h3>\n\n\n\n<p>VoteMatch Europe anv\u00e4nder cookies. Cookies \u00e4r sm\u00e5 filer d\u00e4r vi kan lagra information p\u00e5 din enhet n\u00e4r du bes\u00f6ker VoteMatch Europe. Du kan inaktivera anv\u00e4ndningen av cookies via din webbl\u00e4sarinst\u00e4llning, men vissa av v\u00e5ra webbplatser kanske inte fungerar som ett resultat av detta.<br> Vi anv\u00e4nder Google Analytics f\u00f6r att analysera anv\u00e4ndningen av v\u00e5r webbplats och f\u00f6rb\u00e4ttra den baserat p\u00e5 denna data. Google Analytics \u00e4r inst\u00e4lld f\u00f6r att s\u00e4kerst\u00e4lla en begr\u00e4nsad inverkan p\u00e5 din integritet. Det inneb\u00e4r att den data vi mottar, inklusive din maskerade IP-adress, skickas till Google och lagras p\u00e5 Googles servrar i USA. Dessutom har vi ett avtal med Google som s\u00e4ger att Google inte f\u00e5r anv\u00e4nda data f\u00f6r andra tj\u00e4nster. Google kan dela uppgifterna om det kr\u00e4vs enligt lag (till exempel n\u00e4r polisen beh\u00f6ver tillg\u00e5ng till personlig information vid misst\u00e4nkt brott) eller om tredje part behandlar data p\u00e5 uppdrag av Google. Vi har inget inflytande p\u00e5 detta. Mer om behandlingen av data fr\u00e5n Google finns i deras integritetspolicy. Uppgifterna lagras i 14 m\u00e5nader.<\/p>\n\n\n\n<h3 class=\"wp-block-heading\"><strong>Uppgiftsskyddsombudet<\/strong><\/h3>\n\n\n\n<p>Vi har utsett en s\u00e5 kallad dataskyddsansvarig. Den h\u00e4r personen ansvarar f\u00f6r v\u00e5r organisations integritetspolicy. V\u00e5rt dataskyddspersonal \u00e4r David Muntslag och \u00e4r tillg\u00e4nglig via email (privacy@prodemos.nl) eller telefon (0031707570200) f\u00f6r alla fr\u00e5gor.<\/p>\n\n\n\n<h3 class=\"wp-block-heading\"> <strong>\u00c4ndringar i integritetspolicy<\/strong><\/h3>\n\n\n\n<p>Vi f\u00f6rbeh\u00e5ller oss r\u00e4tten att \u00e4ndra detta uttalande. Vi rekommenderar att du regelbundet konsulterar detta uttalande s\u00e5 att du blir informerad om \u00e4ndringar.<\/p>\n\n\n\n<h3 class=\"wp-block-heading\"><strong>Inspektion och modifiering av dina uppgifter<\/strong><\/h3>\n\n\n\n<p>Du kan alltid kontakta oss om du har n\u00e5gra fr\u00e5gor ang\u00e5ende v\u00e5r integritetspolicy eller om du vill granska, \u00e4ndra eller ta bort dina personuppgifter.<br>Du har f\u00f6ljande r\u00e4ttigheter:<\/p>\n\n\n\n<ul class=\"wp-block-list\"><li>R\u00e4tt till \u00e5tkomst: Du har r\u00e4tt att se\nvilken typ av personuppgifter vi har behandlat om dig.<\/li><li>R\u00e4tt till f\u00f6r\u00e4ndring: Du har r\u00e4tt att\nkorrigera eventuella personuppgifter vi har behandlat om dig om den\ninformationen \u00e4r (delvis) inkorrekt.<\/li><li>R\u00e4tt till \u00f6verklagande: Du har r\u00e4tt att\nl\u00e4mna in ett klagom\u00e5l om behandlingen av dina personuppgifter av oss eller f\u00f6r\ndirektmarknadsf\u00f6ring<\/li><li>R\u00e4tt att gl\u00f6mma: Du kan l\u00e4mna in en\nf\u00f6rfr\u00e5gan hos oss f\u00f6r att ta bort alla personuppgifter vi har behandlat om dig.<\/li><li>\u00d6verf\u00f6rbarhet: Om tekniskt genomf\u00f6rbart\nhar du r\u00e4tt att be oss att \u00f6verf\u00f6ra dina behandlade personuppgifter till en\ntredje part.<\/li><li>R\u00e4tt till begr\u00e4nsning av behandlingen:\nDu kan skicka en beg\u00e4ran till oss f\u00f6r att (tillf\u00e4lligt) begr\u00e4nsa behandlingen\nav dina personuppgifter<\/li><\/ul>\n\n\n\n<p>Om du ut\u00f6var n\u00e5gon av ovanst\u00e5ende r\u00e4ttigheter ber vi dig att identifiera dig med ett giltigt ID f\u00f6r att bekr\u00e4fta att det \u00e4r dina personuppgifter. Det \u00e4r viktigt att du g\u00f6mmer ditt personnummer och bild. Vi brukar behandla din beg\u00e4ran inom 30 dagar. Detta kan f\u00f6rl\u00e4ngas om f\u00f6rfr\u00e5gan \u00e4r komplex eller kopplad till en viss r\u00e4ttighet. Du kommer att bli underr\u00e4ttad om en eventuell f\u00f6rl\u00e4ngning.<\/p>\n\n\n\n<h3 class=\"wp-block-heading\"><strong>Klagom\u00e5l<\/strong><\/h3>\n\n\n\n<p>Om du tror att vi inte hj\u00e4lper dig p\u00e5 r\u00e4tt s\u00e4tt har du r\u00e4tt att l\u00e4mna ett klagom\u00e5l till myndigheterna. F\u00f6r Sverige, handlar det om Datainspektionen.<\/p>\n","protected":false},"excerpt":{"rendered":"<p>1 april 2019 Vi p\u00e5 VoteMatch Europe tar din integritet p\u00e5 stort allvarligt. Vid behandling av personuppgifter i VoteMatch Europas arbete \u00e4r datahanteringen i \u00f6verensst\u00e4mmelse med lagstiftning om dataskydd, liksom den allm\u00e4nna dataskyddsf\u00f6rordningen (GDPR). Det betyder att vi: tydligt anger v\u00e5rt syfte innan vi behandlar personuppgifter enligt v\u00e5r integritetspolicy; begr\u00e4nsar v\u00e5rt urval av personuppgifter till [&hellip;]<\/p>\n","protected":false},"author":1,"featured_media":0,"parent":0,"menu_order":0,"comment_status":"closed","ping_status":"open","template":"","meta":{"_acf_changed":false,"footnotes":""},"class_list":["post-454","page","type-page","status-publish","hentry"],"acf":[],"_links":{"self":[{"href":"https:\/\/acc.votematch.eu\/sv\/wp-json\/wp\/v2\/pages\/454","targetHints":{"allow":["GET"]}}],"collection":[{"href":"https:\/\/acc.votematch.eu\/sv\/wp-json\/wp\/v2\/pages"}],"about":[{"href":"https:\/\/acc.votematch.eu\/sv\/wp-json\/wp\/v2\/types\/page"}],"author":[{"embeddable":true,"href":"https:\/\/acc.votematch.eu\/sv\/wp-json\/wp\/v2\/users\/1"}],"replies":[{"embeddable":true,"href":"https:\/\/acc.votematch.eu\/sv\/wp-json\/wp\/v2\/comments?post=454"}],"version-history":[{"count":1,"href":"https:\/\/acc.votematch.eu\/sv\/wp-json\/wp\/v2\/pages\/454\/revisions"}],"predecessor-version":[{"id":455,"href":"https:\/\/acc.votematch.eu\/sv\/wp-json\/wp\/v2\/pages\/454\/revisions\/455"}],"wp:attachment":[{"href":"https:\/\/acc.votematch.eu\/sv\/wp-json\/wp\/v2\/media?parent=454"}],"curies":[{"name":"wp","href":"https:\/\/api.w.org\/{rel}","templated":true}]}}