{"id":445,"date":"2019-05-09T21:08:54","date_gmt":"2019-05-09T21:08:54","guid":{"rendered":"http:\/\/acc.votematch.eu\/faq\/"},"modified":"2019-05-09T21:28:59","modified_gmt":"2019-05-09T21:28:59","slug":"faq","status":"publish","type":"page","link":"https:\/\/acc.votematch.eu\/sv\/faq\/","title":{"rendered":"FAQ"},"content":{"rendered":"\n<h3 class=\"wp-block-heading\">Vad \u00e4r VoteMatch Europe?<\/h3>\n\n\n\n<p>VoteMatch Europe \u00e4r ett pedagogiskt verktyg som kan anv\u00e4ndas f\u00f6r att informera medborgarna om valet till Europaparlamentet. Det till\u00e5ter medborgare att j\u00e4mf\u00f6ra sina nationella politiska inst\u00e4llningar med politiska partier i andra europeiska l\u00e4nder.<\/p>\n\n\n\n<h3 class=\"wp-block-heading\">Hur v\u00e4ljs VoteMatchs politiska p\u00e5st\u00e5enden?<\/h3>\n\n\n\n<p>De lokala partnerna i VoteMatch Europe projektet presenterade en lista\nmed 16 politiska p\u00e5st\u00e5enden som t\u00e4ckte olika \u00e4mnen och problem. Dessa politiska\np\u00e5st\u00e5enden har anv\u00e4nds i lokala valkompasser, eventuellt tillsammans med andra\npolitiska p\u00e5st\u00e5enden.<\/p>\n\n\n\n<h3 class=\"wp-block-heading\">Varf\u00f6r \u00e4r inte alla l\u00e4nder\ntillg\u00e4ngliga i VoteMatch Europe?<\/h3>\n\n\n\n<p>VoteMatch Europe projektet \u00e4r beroende av lokala partners i\nEU-l\u00e4nderna. Endast medlemsl\u00e4nderna med deltagande partner finns i VoteMatch\nEurope.<\/p>\n\n\n\n<h3 class=\"wp-block-heading\">Hur hanterar VoteMatch Europe\nintegritetsr\u00e4ttigheter?<\/h3>\n\n\n\n<p>VoteMatch Europe och de lokala partnerna har \u00e5tagit sig att noga se p\u00e5\nintegritetsfr\u00e5gor. Integritetspolicyn f\u00f6r votematch.eu informerar alla\nanv\u00e4ndare om hur vi tar hand om anv\u00e4ndarens integritet.<\/p>\n\n\n\n<h3 class=\"wp-block-heading\">Vem finansierade projektet?<\/h3>\n\n\n\n<p>Den huvudsakliga\nsponsor-organisationen \u00e4r BPB, Tysklands federation f\u00f6r samh\u00e4llsutbildning\n(German Federation for Civic Education). Den nederl\u00e4ndska partnern ProDemos &#8211;\nHouse for Democracy and the Rule of Law bidrog med projektledning. Goethe\nInstitut tillhandah\u00f6ll \u00f6vers\u00e4ttningarna och st\u00f6det f\u00f6r att sprida verktyget.<\/p>\n\n\n\n<h3 class=\"wp-block-heading\">\u00c4r VoteMatch Europe ett\nvetenskapligt verktyg?<\/h3>\n\n\n\n<p>VoteMatch Europe informerar medborgarna om valen till Europaparlamentet\noch visar skillnader mellan de politiska partierna i olika l\u00e4nder. Det \u00e4r inte\nett vetenskapligt verktyg, det resultat som visas ska betraktas som ett f\u00f6rslag\nf\u00f6r v\u00e4ljare att g\u00f6ra egen efterforskning f\u00f6r att g\u00f6ra ett informerat val vid\nr\u00f6stningen.<\/p>\n","protected":false},"excerpt":{"rendered":"<p>Vad \u00e4r VoteMatch Europe? VoteMatch Europe \u00e4r ett pedagogiskt verktyg som kan anv\u00e4ndas f\u00f6r att informera medborgarna om valet till Europaparlamentet. Det till\u00e5ter medborgare att j\u00e4mf\u00f6ra sina nationella politiska inst\u00e4llningar med politiska partier i andra europeiska l\u00e4nder. Hur v\u00e4ljs VoteMatchs politiska p\u00e5st\u00e5enden? De lokala partnerna i VoteMatch Europe projektet presenterade en lista med 16 politiska [&hellip;]<\/p>\n","protected":false},"author":1,"featured_media":0,"parent":0,"menu_order":0,"comment_status":"closed","ping_status":"closed","template":"","meta":{"_acf_changed":false,"footnotes":""},"class_list":["post-445","page","type-page","status-publish","hentry"],"acf":[],"_links":{"self":[{"href":"https:\/\/acc.votematch.eu\/sv\/wp-json\/wp\/v2\/pages\/445","targetHints":{"allow":["GET"]}}],"collection":[{"href":"https:\/\/acc.votematch.eu\/sv\/wp-json\/wp\/v2\/pages"}],"about":[{"href":"https:\/\/acc.votematch.eu\/sv\/wp-json\/wp\/v2\/types\/page"}],"author":[{"embeddable":true,"href":"https:\/\/acc.votematch.eu\/sv\/wp-json\/wp\/v2\/users\/1"}],"replies":[{"embeddable":true,"href":"https:\/\/acc.votematch.eu\/sv\/wp-json\/wp\/v2\/comments?post=445"}],"version-history":[{"count":2,"href":"https:\/\/acc.votematch.eu\/sv\/wp-json\/wp\/v2\/pages\/445\/revisions"}],"predecessor-version":[{"id":449,"href":"https:\/\/acc.votematch.eu\/sv\/wp-json\/wp\/v2\/pages\/445\/revisions\/449"}],"wp:attachment":[{"href":"https:\/\/acc.votematch.eu\/sv\/wp-json\/wp\/v2\/media?parent=445"}],"curies":[{"name":"wp","href":"https:\/\/api.w.org\/{rel}","templated":true}]}}