{"id":535,"date":"2019-05-14T12:41:11","date_gmt":"2019-05-14T12:41:11","guid":{"rendered":"http:\/\/acc.votematch.eu\/faq\/"},"modified":"2019-05-14T12:41:11","modified_gmt":"2019-05-14T12:41:11","slug":"faq","status":"publish","type":"page","link":"https:\/\/acc.votematch.eu\/pl\/faq\/","title":{"rendered":"FAQ"},"content":{"rendered":"\n<h3 class=\"wp-block-heading\">Qu&#8217;est-ce que VoteMatch Europe?<\/h3>\n\n\n\n<p>VoteMatch Europe est un outil p\u00e9dagogique dont le but est d&#8217;informer les citoyens sur les \u00e9lections du Parlement europ\u00e9en. Il permet aux citoyens de comparer leurs choix politiques nationaux \u00e0 ceux des partis politiques dans d&#8217;autres pays europ\u00e9ens.<\/p>\n\n\n\n<h3 class=\"wp-block-heading\" id=\"mce_2\">Comment les d\u00e9clarations VoteMatch sont-elles s\u00e9lectionn\u00e9es?<\/h3>\n\n\n\n<p>Les partenaires locaux du projet VoteMatch Europe ont cr\u00e9\u00e9 une liste de 16 d\u00e9clarations sur diff\u00e9rentes th\u00e9matiques. Ces d\u00e9clarations sont utilis\u00e9es dans tous les syst\u00e8mes d&#8217;aide au vote locaux, y compris les d\u00e9clarations locales.<\/p>\n\n\n\n<h3 class=\"wp-block-heading\" id=\"mce_2\">VoteMatch Europe est-il un outil scientifique?<\/h3>\n\n\n\n<p>VoteMatch Europe informe les citoyens sur les \u00e9lections du Parlement europ\u00e9en et montre les diff\u00e9rences de programme entre les partis en lice dans diff\u00e9rents pays. Il ne s&#8217;agit pas d&#8217;un outil scientifique. Les r\u00e9sultats affich\u00e9s sont \u00e0 consid\u00e9rer comme une suggestion, permettant aux \u00e9lecteurs de faire leurs propres recherches pour un vote \u00e9clair\u00e9.<\/p>\n\n\n\n<h3 class=\"wp-block-heading\">Pourquoi tous les pays ne sont-ils pas disponibles sur VoteMatch Europe?<\/h3>\n\n\n\n<p>Le projet VoteMatch Europe d\u00e9pend des partenaires locaux des Etats membres de l&#8217;UE. Seuls les Etats membres avec des partenaires participants sont disponibles sur VoteMatch Europe.<\/p>\n\n\n\n<h3 class=\"wp-block-heading\">Comment sont g\u00e9r\u00e9es les dispositions en mati\u00e8re de protection des donn\u00e9es sur VoteMatch Europe?<\/h3>\n\n\n\n<p>VoteMatch Europe et ses partenaires se sont engag\u00e9s \u00e0 g\u00e9rer attentivement les questions li\u00e9es \u00e0 la vie priv\u00e9e. La d\u00e9claration de confidentialit\u00e9 de votematch.eu informe tous les utilisateurs sur la mani\u00e8re dont nous g\u00e9rons la vie priv\u00e9e des utilisateurs.<\/p>\n\n\n\n<h3 class=\"wp-block-heading\">Qui a fourni les fonds pour ce projet?<\/h3>\n\n\n\n<p>La principale organisation fondatrice est la BPB, Bundeszentrale f\u00fcr politische Bildung. Le partenaire n\u00e9erlandais ProDemos &#8211; Huis voor democratie en rechtsstaat, contribue \u00e0 la gestion du projet. Le Goethe Institut a fourni les traductions et l&#8217;aide \u00e0 la promotion de l&#8217;outil.<\/p>\n","protected":false},"excerpt":{"rendered":"<p>Qu&#8217;est-ce que VoteMatch Europe? VoteMatch Europe est un outil p\u00e9dagogique dont le but est d&#8217;informer les citoyens sur les \u00e9lections du Parlement europ\u00e9en. Il permet aux citoyens de comparer leurs choix politiques nationaux \u00e0 ceux des partis politiques dans d&#8217;autres pays europ\u00e9ens. Comment les d\u00e9clarations VoteMatch sont-elles s\u00e9lectionn\u00e9es? Les partenaires locaux du projet VoteMatch Europe [&hellip;]<\/p>\n","protected":false},"author":1,"featured_media":0,"parent":0,"menu_order":0,"comment_status":"closed","ping_status":"closed","template":"","meta":{"_acf_changed":false,"footnotes":""},"class_list":["post-535","page","type-page","status-publish","hentry"],"acf":[],"_links":{"self":[{"href":"https:\/\/acc.votematch.eu\/pl\/wp-json\/wp\/v2\/pages\/535","targetHints":{"allow":["GET"]}}],"collection":[{"href":"https:\/\/acc.votematch.eu\/pl\/wp-json\/wp\/v2\/pages"}],"about":[{"href":"https:\/\/acc.votematch.eu\/pl\/wp-json\/wp\/v2\/types\/page"}],"author":[{"embeddable":true,"href":"https:\/\/acc.votematch.eu\/pl\/wp-json\/wp\/v2\/users\/1"}],"replies":[{"embeddable":true,"href":"https:\/\/acc.votematch.eu\/pl\/wp-json\/wp\/v2\/comments?post=535"}],"version-history":[{"count":1,"href":"https:\/\/acc.votematch.eu\/pl\/wp-json\/wp\/v2\/pages\/535\/revisions"}],"predecessor-version":[{"id":536,"href":"https:\/\/acc.votematch.eu\/pl\/wp-json\/wp\/v2\/pages\/535\/revisions\/536"}],"wp:attachment":[{"href":"https:\/\/acc.votematch.eu\/pl\/wp-json\/wp\/v2\/media?parent=535"}],"curies":[{"name":"wp","href":"https:\/\/api.w.org\/{rel}","templated":true}]}}