{"id":373,"date":"2019-05-08T06:50:03","date_gmt":"2019-05-08T06:50:03","guid":{"rendered":"http:\/\/acc.votematch.eu\/faq\/"},"modified":"2019-05-08T06:52:33","modified_gmt":"2019-05-08T06:52:33","slug":"faq","status":"publish","type":"page","link":"https:\/\/acc.votematch.eu\/lb\/faq\/","title":{"rendered":"FAQ"},"content":{"rendered":"\n<h3 class=\"wp-block-heading\">Wat ass VoteMatch Europe?<\/h3>\n\n\n\n<p>VoteMatch Europe ass e pedagogeschen Tool, mat deem d&#8217;Bierger iwwer d&#8217;Wale vum Europaparlament inform\u00e9iert ginn. En erlaabt de Bierger hir national politesch Choixe mat deene vun de politesche Parteien an aneren EU-L\u00e4nner ze vergl\u00e4ichen.<\/p>\n\n\n\n<h3 class=\"wp-block-heading\" id=\"mce_2\">W\u00e9i ginn d&#8217;Deklaratioune vu VoteMatch selektion\u00e9iert?<\/h3>\n\n\n\n<p>D&#8217;lokal Partner vum Projet VoteMatch Europe hunn eng L\u00ebscht mat 16 Deklaratiounen iwwer verschidde Sujeten opgestallt. D\u00ebs Deklaratioune ginn an all de lokale Voting Advice Applikatioune benotzt, mat de lokalen Deklaratiounen.<\/p>\n\n\n\n<h3 class=\"wp-block-heading\" id=\"mce_2\">Fir wat sinn net all d&#8217;L\u00e4nner op VoteMatch Europe disponibel?<\/h3>\n\n\n\n<p>De Projet VoteMatch Europe h\u00e4nkt vun de lokale Partner an den EU-Memberstaaten of. N\u00ebmmen d&#8217;Memberstaate mat Partner, d\u00e9i matmaachen, sinn op VoteMatch Europe disponibel.<\/p>\n\n\n\n<h3 class=\"wp-block-heading\">W\u00e9i geet VoteMatch Europe mat den Dispositiounen iwwer den Dateschutz \u00ebm?<\/h3>\n\n\n\n<p>VoteMatch Europe a seng Partner engag\u00e9iere sech, d&#8217;Dateschutzproblemer ganz eescht ze huelen. D&#8217;Dateschutzerkl\u00e4rung vu votematch.eu inform\u00e9iert all d&#8217;Benotzer iwwer w\u00e9i mir d&#8217;Privatsph\u00e4r ger\u00e9ieren.<\/p>\n\n\n\n<h3 class=\"wp-block-heading\">Vu wou kommen d&#8217;Fonge fir d\u00ebse Projet?<\/h3>\n\n\n\n<p>D&#8217;Haaptgr\u00ebnnungsorganisatioun ass d&#8217;BPB, Bundeszentrale f\u00fcr politische Bildung. Den holl\u00e4nnesche Partner ProDemos &#8211; Huis voor democratie en rechtsstaat, ass um Projektmanagement bedeelegt. D&#8217;Goethe Institut huet d&#8217;Iwwersetzungen an d&#8217;H\u00ebllef fir d&#8217;Promotioun vum Tool bereetgestallt.<\/p>\n\n\n\n<h3 class=\"wp-block-heading\">Ass VoteMatch Europe e w\u00ebssenschaftlechen Tool?<\/h3>\n\n\n\n<p>VoteMatch Europe inform\u00e9iert d&#8217;Bierger iwwer d&#8217;Wale vum Europaparlament a weist d&#8217;Differenze vun de Programmer vun de Parteien an de verschiddene L\u00e4nner. Et ass kee w\u00ebssenschaftlechen Tool. D\u00e9i ugewise Resultater sollen als Ureegung ugesi ginn, fir dem Wieler bei sengen eegene Recherch\u00eb fir en opgekl\u00e4erte Vott ze h\u00ebllefen.<\/p>\n","protected":false},"excerpt":{"rendered":"<p>Wat ass VoteMatch Europe? VoteMatch Europe ass e pedagogeschen Tool, mat deem d&#8217;Bierger iwwer d&#8217;Wale vum Europaparlament inform\u00e9iert ginn. En erlaabt de Bierger hir national politesch Choixe mat deene vun de politesche Parteien an aneren EU-L\u00e4nner ze vergl\u00e4ichen. W\u00e9i ginn d&#8217;Deklaratioune vu VoteMatch selektion\u00e9iert? D&#8217;lokal Partner vum Projet VoteMatch Europe hunn eng L\u00ebscht mat 16 [&hellip;]<\/p>\n","protected":false},"author":1,"featured_media":0,"parent":0,"menu_order":0,"comment_status":"closed","ping_status":"closed","template":"","meta":{"_acf_changed":false,"footnotes":""},"class_list":["post-373","page","type-page","status-publish","hentry"],"acf":[],"_links":{"self":[{"href":"https:\/\/acc.votematch.eu\/lb\/wp-json\/wp\/v2\/pages\/373","targetHints":{"allow":["GET"]}}],"collection":[{"href":"https:\/\/acc.votematch.eu\/lb\/wp-json\/wp\/v2\/pages"}],"about":[{"href":"https:\/\/acc.votematch.eu\/lb\/wp-json\/wp\/v2\/types\/page"}],"author":[{"embeddable":true,"href":"https:\/\/acc.votematch.eu\/lb\/wp-json\/wp\/v2\/users\/1"}],"replies":[{"embeddable":true,"href":"https:\/\/acc.votematch.eu\/lb\/wp-json\/wp\/v2\/comments?post=373"}],"version-history":[{"count":2,"href":"https:\/\/acc.votematch.eu\/lb\/wp-json\/wp\/v2\/pages\/373\/revisions"}],"predecessor-version":[{"id":375,"href":"https:\/\/acc.votematch.eu\/lb\/wp-json\/wp\/v2\/pages\/373\/revisions\/375"}],"wp:attachment":[{"href":"https:\/\/acc.votematch.eu\/lb\/wp-json\/wp\/v2\/media?parent=373"}],"curies":[{"name":"wp","href":"https:\/\/api.w.org\/{rel}","templated":true}]}}