{"id":353,"date":"2019-05-07T19:58:15","date_gmt":"2019-05-07T19:58:15","guid":{"rendered":"http:\/\/acc.votematch.eu\/faq\/"},"modified":"2019-05-07T20:10:38","modified_gmt":"2019-05-07T20:10:38","slug":"faq","status":"publish","type":"page","link":"https:\/\/acc.votematch.eu\/hu\/faq\/","title":{"rendered":"FAQ"},"content":{"rendered":"\n<h3 class=\"wp-block-heading\">Mi az a VoteMatch Europe?<\/h3>\n\n\n\n<p>VoteMatch Europe egy k\u00e9pz\u00e9si eszk\u00f6z, amely az \u00e1llampolg\u00e1rokat inform\u00e1lja az EP v\u00e1laszt\u00e1sokr\u00f3l \u00e9s seg\u00edt nekik abban, hogy \u00f6sszehasonl\u00edts\u00e1k a nemzeti politikai \u00e1ll\u00e1spontjukat az Eur\u00f3pai Uni\u00f3 m\u00e1s tag\u00e1llamainak p\u00e1rtok\u00e9ival.<\/p>\n\n\n\n<h3 class=\"wp-block-heading\" id=\"mce_2\">Hogy ker\u00fclnek az \u00e1ll\u00edt\u00e1sok kiv\u00e1laszt\u00e1sra?<\/h3>\n\n\n\n<p>A VoteMatch Europe egy\u00fcttm\u0171k\u00f6d\u0151 partnerei k\u00f6z\u00f6sen v\u00e1lasztott\u00e1k ki az \u00e1ll\u00edt\u00e1sokat aszerint, hogy azok min\u00e9l t\u00f6bb t\u00e9m\u00e1t \u00e9s \u00fcgyeket lefedjenek. Ezeket az \u00e1ll\u00edt\u00e1sokat minden partner\u00fcnk egyform\u00e1n be\u00e9p\u00edti a saj\u00e1t nemzeti orient\u00e1ci\u00f3s seg\u00edts\u00e9g\u00e9be is.<\/p>\n\n\n\n<h3 class=\"wp-block-heading\" id=\"mce_2\">Mi\u00e9rt nem szerepel minden tagorsz\u00e1g a VoteMatch Europe-ban?<\/h3>\n\n\n\n<p>A VoteMatch Europe f\u00fcgg a tag\u00e1llamok helyi partnereit\u0151l. Csak azok az orsz\u00e1gok szerepelnek a VoteMatch Europe-ban, ahol a tal\u00e1ltunk r\u00e9sztvev\u0151 partnereket.<\/p>\n\n\n\n<h3 class=\"wp-block-heading\">Hogy kezeli a VoteMatch Europe az adatv\u00e9delmi el\u0151\u00edr\u00e1sokat?<\/h3>\n\n\n\n<p>A VoteMatch Europe \u00e9s partnerei al\u00e1\u00edrtak egy nyilatkozatot arr\u00f3l, hogy betartj\u00e1k az adatv\u00e9delmi el\u0151\u00edr\u00e1sokat. A nyilatkozat tov\u00e1bb\u00e1 felvil\u00e1gos\u00edtja a partnereket arr\u00f3l, hogy mire kell figyelni\u00fck a felhaszn\u00e1l\u00f3k adatainak v\u00e9delm\u00e9t illet\u0151en.<\/p>\n\n\n\n<h3 class=\"wp-block-heading\">Ki finansz\u00edrozza a projektet?<\/h3>\n\n\n\n<p>A projekt f\u0151 anyagi t\u00e1mogat\u00f3ja a n\u00e9metorsz\u00e1gi Bundeszentrale f\u00fcr politische Bildung (Politikai K\u00e9pz\u00e9s K\u00f6zpont). A holland partner\u00fcnk ProDemos &#8211; House for Democracy and the Rule of Law menedzseli a projektet, a Goethe Int\u00e9zet seg\u00edt a ford\u00edt\u00e1sokban, valamint a projekt terjeszt\u00e9s\u00e9ben.<\/p>\n\n\n\n<h3 class=\"wp-block-heading\">A VoteMatch Europe egy tudom\u00e1nyos alkalmaz\u00e1s?<\/h3>\n\n\n\n<p>A VoteMatch Europe az \u00e1llampolg\u00e1rokat az EP v\u00e1laszt\u00e1sokr\u00f3l inform\u00e1lja \u00e9s megmutatja a tag\u00e1llamok p\u00e1rtjainak programjai k\u00f6z\u00f6tti k\u00fcl\u00f6nbs\u00e9geket. Ez nem egy tudom\u00e1nyos eszk\u00f6z. A felhaszn\u00e1l\u00f3 eredm\u00e9nye azt a c\u00e9lt szolg\u00e1lja, hogy a v\u00e1laszt\u00f3 tov\u00e1bb inform\u00e1l\u00f3djon annak \u00e9rdek\u00e9ben, hogy tudatos d\u00f6nt\u00e9st hozzon a v\u00e1laszt\u00e1son.<\/p>\n","protected":false},"excerpt":{"rendered":"<p>Mi az a VoteMatch Europe? VoteMatch Europe egy k\u00e9pz\u00e9si eszk\u00f6z, amely az \u00e1llampolg\u00e1rokat inform\u00e1lja az EP v\u00e1laszt\u00e1sokr\u00f3l \u00e9s seg\u00edt nekik abban, hogy \u00f6sszehasonl\u00edts\u00e1k a nemzeti politikai \u00e1ll\u00e1spontjukat az Eur\u00f3pai Uni\u00f3 m\u00e1s tag\u00e1llamainak p\u00e1rtok\u00e9ival. Hogy ker\u00fclnek az \u00e1ll\u00edt\u00e1sok kiv\u00e1laszt\u00e1sra? A VoteMatch Europe egy\u00fcttm\u0171k\u00f6d\u0151 partnerei k\u00f6z\u00f6sen v\u00e1lasztott\u00e1k ki az \u00e1ll\u00edt\u00e1sokat aszerint, hogy azok min\u00e9l t\u00f6bb t\u00e9m\u00e1t \u00e9s [&hellip;]<\/p>\n","protected":false},"author":1,"featured_media":0,"parent":0,"menu_order":0,"comment_status":"closed","ping_status":"closed","template":"","meta":{"_acf_changed":false,"footnotes":""},"class_list":["post-353","page","type-page","status-publish","hentry"],"acf":[],"_links":{"self":[{"href":"https:\/\/acc.votematch.eu\/hu\/wp-json\/wp\/v2\/pages\/353","targetHints":{"allow":["GET"]}}],"collection":[{"href":"https:\/\/acc.votematch.eu\/hu\/wp-json\/wp\/v2\/pages"}],"about":[{"href":"https:\/\/acc.votematch.eu\/hu\/wp-json\/wp\/v2\/types\/page"}],"author":[{"embeddable":true,"href":"https:\/\/acc.votematch.eu\/hu\/wp-json\/wp\/v2\/users\/1"}],"replies":[{"embeddable":true,"href":"https:\/\/acc.votematch.eu\/hu\/wp-json\/wp\/v2\/comments?post=353"}],"version-history":[{"count":4,"href":"https:\/\/acc.votematch.eu\/hu\/wp-json\/wp\/v2\/pages\/353\/revisions"}],"predecessor-version":[{"id":366,"href":"https:\/\/acc.votematch.eu\/hu\/wp-json\/wp\/v2\/pages\/353\/revisions\/366"}],"wp:attachment":[{"href":"https:\/\/acc.votematch.eu\/hu\/wp-json\/wp\/v2\/media?parent=353"}],"curies":[{"name":"wp","href":"https:\/\/api.w.org\/{rel}","templated":true}]}}