{"id":651,"date":"2019-05-16T15:10:57","date_gmt":"2019-05-16T15:10:57","guid":{"rendered":"http:\/\/acc.votematch.eu\/?page_id=651"},"modified":"2019-05-16T15:10:58","modified_gmt":"2019-05-16T15:10:58","slug":"politica-de-privacidad-votematch-europe","status":"publish","type":"page","link":"https:\/\/acc.votematch.eu\/es\/politica-de-privacidad-votematch-europe\/","title":{"rendered":"Pol\u00edtica de Privacidad VoteMatch Europe"},"content":{"rendered":"\n<p><em>1 de\nabril de 2019 <\/em><\/p>\n\n\n\n<p>En VoteMatch Europe nos tomamos muy en serio tu\nprivacidad. Todo el procesamiento de datos personales en VoteMatch Europe se\nrealiza de conformidad con la legislaci\u00f3n vigente, incluida la Ley General de\nProtecci\u00f3n de Datos. Esto\nquiere decir que nosotros: <\/p>\n\n\n\n<p>\u2022 <strong>Especificamos\nclaramente nuestro prop\u00f3sito <\/strong>antes\nde procesar datos personales a trav\u00e9s de esta Pol\u00edtica de Privacidad; <\/p>\n\n\n\n<p>\u2022 <strong>Limitamos\nla recolecci\u00f3n de datos personales <\/strong>a\ns\u00f3lo aquella informaci\u00f3n que necesitamos por razones leg\u00edtimas; <\/p>\n\n\n\n<p>\u2022 <strong>Pedimos\nprimero tu permiso expl\u00edcito <\/strong>para\nprocesar tus datos personales en aquellos casos que se necesita tu\nautorizaci\u00f3n; <\/p>\n\n\n\n<p>\u2022 <strong>Tomamos\nmedidas de seguridad apropiadas <\/strong>para\nproteger tus datos personales y exigimos lo mismo de las otras organizaciones\nque procesan informaci\u00f3n personal de parte nuestra; <\/p>\n\n\n\n<p>\u2022 <strong>Respetamos\n<\/strong>tu derecho a acceder, corregir o\nborrar cualquier informaci\u00f3n personal tuya que tengamos. <\/p>\n\n\n\n<h3 class=\"wp-block-heading\">\u00bfQui\u00e9n\nest\u00e1 detr\u00e1s del proyecto VoteMatch Europe? <\/h3>\n\n\n\n<p>ProDemos,\nla Casa de la Democracia y el Estado de Derecho es la organizaci\u00f3n responsable (<em>controller<\/em>) de todo el procesamiento de datos. En esta pol\u00edtica de privacidad,\nexplicamos qu\u00e9 clase de datos personales recolectamos y para qu\u00e9 prop\u00f3sitos en\nel sitio VoteMatch Europe. Te recomendamos que lo leas con cuidado. Si tienes\nalguna pregunta al respecto del procesamiento de datos personales, cont\u00e1ctanos.\nProDemos, Casa de la Democracia y del Estado de Derecho. Hofweg 1H, 2511 AA La\nHaya. Pa\u00edses Bajos. privacy@prodemos.nl. 0031707570200. <strong><\/strong><\/p>\n\n\n\n<h3 class=\"wp-block-heading\">\u00bfQu\u00e9 informaci\u00f3n t\u00e9cnica\nprocesamos para tener buen tr\u00e1fico en nuestro servidor? <\/h3>\n\n\n\n<p>Para\nasegurarnos que el servidor de VoteMatch Europe funcione correctamente,\nrecolectamos los siguientes datos t\u00e9cnicos: <strong><\/strong><\/p>\n\n\n\n<p>\u25cf Tu\ndirecci\u00f3n IP <\/p>\n\n\n\n<p>\u25cf El hecho de que comenzaste a usar la herramienta <\/p>\n\n\n\n<p>\u25cf El dispositivo que utilizaste <\/p>\n\n\n\n<p>\u25cf El sistema que utilizaste <\/p>\n\n\n\n<p>\u25cf El navegador que utilizaste <\/p>\n\n\n\n<p>\u25cf La hora en que comenzaste a hacer el test Toda esta\ninformaci\u00f3n t\u00e9cnica se guarda durante un m\u00e1ximo de 30 d\u00edas. Despu\u00e9s de esto\nser\u00e1n borrados. <\/p>\n\n\n\n<h3 class=\"wp-block-heading\">\u00bfQu\u00e9\ninformaci\u00f3n personal procesamos para que VoteMatch Europa pueda funcionar\ncorrectamente?<strong> <\/strong><\/h3>\n\n\n\n<p>Utilizaremos\ntus datos personales para mostrarte las comparaciones entre tus respuestas y\nlas posiciones de los partidos pol\u00edticos en otros estados miembros de le UE. Recibimos\nestos datos de las aplicaciones de ayuda al voto (VAA en ingl\u00e9s) que operan\nnuestros socios en diferentes pa\u00edses en la UE. ProDemos tiene acuerdos con\nellos al respecto del procesamiento de los datos. El acuerdo estipula, entre otras cosas, que tus\nrespuestas\/datos s\u00f3lo ser\u00e1n transferidas a los servidores de ProDemos despu\u00e9s\nde que des consentimiento expl\u00edcito. Los datos personales que utilizaremos para\npoder darte tus respuestas a nivel de la Uni\u00f3n Europea son: <\/p>\n\n\n\n<p>\u25cf tus respuestas en las 16 afirmaciones gen\u00e9ricas que\nse hicieron en todos los pa\u00edses; <\/p>\n\n\n\n<p>\u25cf los porcentajes correspondientes a tu cercan\u00eda con\nlos partidos pol\u00edticos o coaliciones; <\/p>\n\n\n\n<p>\u25cf el pa\u00eds\nde tu VAA nacional y <\/p>\n\n\n\n<p>\u25cf la informaci\u00f3n t\u00e9cnica (como por ejemplo, el idioma\nque elegiste para contestar. <\/p>\n\n\n\n<h3 class=\"wp-block-heading\">\u00bfCon\nqu\u00e9 prop\u00f3sito procesamos tus datos personales? <\/h3>\n\n\n\n<p>Procesamos\ntu informaci\u00f3n\/datos personales con los siguientes prop\u00f3sitos: <\/p>\n\n\n\n<p>\u25cf para permitirte usar VoteMatch Europe; <\/p>\n\n\n\n<p>\u25cf para asegurar la seguridad de VoteMatch Europe; <\/p>\n\n\n\n<p>\u25cf para recolectar estad\u00edsticas de uso de VoteMatch\nEurope y <\/p>\n\n\n\n<p>\u25cf para poder darte una respuesta en t\u00e9rminos de la\ncomparaci\u00f3n de tus respuestas y las posiciones de los partidos pol\u00edticos en\notros estados miembros de la UE. <\/p>\n\n\n\n<h3 class=\"wp-block-heading\">\u00bfCu\u00e1nto tiempo guardaremos tus datos?\n<\/h3>\n\n\n\n<p>Cuando\ncierres el sitio de VoteMatch Europe todas tus respuestas y otros datos\nrecolectados ser\u00e1n borrados del servidor de VoteMatch Europe. <\/p>\n\n\n\n<h3 class=\"wp-block-heading\">\u00bfC\u00f3mo\nprocesan esos datos?<strong> <\/strong><\/h3>\n\n\n\n<p>Tenemos\nun compromiso de procesar esos datos con la m\u00e1s absoluta confidencialidad. Bajo\nninguna circunstancia ofreceremos tus datos personales a otras entidades,\ncompa\u00f1\u00edas u organizaciones a menos de que se nos requiera hacerlo por ley (por\nejemplo, si la polic\u00eda exige acceso a datos personales en el caso de sospecha\nde un crimen). S\u00f3lo recibimos data de los VAAs al nivel nacionales con los\ncuales tenemos un acuerdo de transferencia de datos que estipula los m\u00e1s altos\nest\u00e1ndares al respecto de la seguridad y la privacidad. <\/p>\n\n\n\n<p><strong>Seguridad <\/strong>Tomamos medidas de seguridad para reducir\nel mal uso o un acceso no autorizado a los datos personales. Nos consideramos\nresponsables de la seguridad de tus datos personales. Renovamos frecuentemente\nnuestras medidas de seguridad para asegurar el almacenamiento seguro de los\ndatos personales y trazar cualquier asunto que pueda salir mal. <\/p>\n\n\n\n<h3 class=\"wp-block-heading\">\u00bfQu\u00e9\ndatos son procesados a trav\u00e9s de cookies?<strong> <\/strong><\/h3>\n\n\n\n<p>VoteMatch\nEurope utiliza cookies (galletas). Con <em>cookies\n<\/em>nos referimos a peque\u00f1os archivos\nen los que guardamos informaci\u00f3n en tu dispositivo mientras est\u00e1s utilizando\nVoteMatch Europa. Puedes desactivar el uso de <em>cookies <\/em>a trav\u00e9s de los\najustes generales de tu navegador, pero algunas partes de nuestro sitio web\npueden no funcionar como resultado de eso. Utilizamos tambi\u00e9n Google Analytics\npara analizar el uso de nuestro sitio web \u2013 esta informaci\u00f3n nos permite\nmejorar c\u00f3mo funciona. Los ajustes de Google Analytics est\u00e1n hechos de tal modo\nque podamos asegurar el menor impacto posible en temas de privacidad. Esto\nquiere decir que los datos que recibimos incluyen tu IP enmascarada, y estos se\nmandan a Google quien guarda estos datos en sus servidores en Estados Unidos de\nAm\u00e9rica. Sin embargo, tenemos un acuerdo con Google que estipula que la\ncompa\u00f1\u00eda no puede utilizar estos datos para otros servicios. Google puede\ncompartir estos datos si se le requiere por ley (por ejemplo, cuando la polic\u00eda\nexige acceso a datos personales en el caso de sospecha de un crimen), o si hay\nterceros procesando datos por encargo de Google. No tenemos ninguna influencia\nen esto. Puedes leer m\u00e1s sobre c\u00f3mo Google procesa los datos en su pol\u00edtica de\nprivacidad. Los datos son conservados por ellos durante un periodo de catorce\nmeses. <\/p>\n\n\n\n<h3 class=\"wp-block-heading\">Oficial de Protecci\u00f3n de Datos<strong> <\/strong><\/h3>\n\n\n\n<p>Hemos nombrado un <em>oficial\nde protecci\u00f3n de datos <\/em>en nuestra\ninstituci\u00f3n. Esta persona es responsable de los temas\nde privacidad dentro de nuestra organizaci\u00f3n. Nuestro oficial de protecci\u00f3n de\ndatos es David Muntslag y puedes contactarlo por correo electr\u00f3nico\n(privacy@prodemos.nl) o por tel\u00e9fono (0031707570200) para discutir con \u00e9l\ncualquier pregunta o solicitud. <\/p>\n\n\n\n<h3 class=\"wp-block-heading\">Cambios\na esta pol\u00edtica de privacidad<strong> <\/strong><\/h3>\n\n\n\n<p>Nos\nreservamos el derecho a modificar esta pol\u00edtica. Te recomendamos que lo\nconsultes regularmente para que puedas estar informado de cualquier cambio. <\/p>\n\n\n\n<h3 class=\"wp-block-heading\">Inspecci\u00f3n\ny modificaci\u00f3n de tus datos<strong> <\/strong><\/h3>\n\n\n\n<p>Puedes\ncontactarnos siempre que tengas alguna pregunta al respecto de nuestra pol\u00edtica\nde privacidad o desees revisar, modificar o borrar tus datos personales. Tienes\nlos siguientes derechos: <\/p>\n\n\n\n<p>\u2022 Derecho de acceso: tienes derecho a ver qu\u00e9 tipo de\ndatos personales hemos procesado sobre ti. <\/p>\n\n\n\n<p>\u2022 Derecho de rectificaci\u00f3n: tienes el derecho de\nrectificar cualquier dato personal tuyo que hayamos procesado si esta\ninformaci\u00f3n es (parcialmente) err\u00f3nea. <\/p>\n\n\n\n<p>\u2022 Derecho a reclamaci\u00f3n: tienes el derecho de\npresentar una reclamaci\u00f3n contra el procesamiento de tus datos personales que\nhemos hecho, o en contra de acciones de marketing directo. <\/p>\n\n\n\n<p>\u2022 Derecho a ser olvidado: puedes enviar una\nreclamaci\u00f3n para pedirnos que retiremos cualquier dato personal tuyo que\nhayamos procesado. <\/p>\n\n\n\n<p>\u2022 Derecho a la portabilidad de los datos: si es\nt\u00e9cnicamente posible, tienes el derecho a pedirnos que transferimos tus datos\npersonales ya procesados a un tercero. <\/p>\n\n\n\n<p>\u2022 Derecho de restricci\u00f3n del procesamiento: puedes\nsolicitarnos que restrinjamos (temporalmente) el procesamiento de tus datos\npersonales. <\/p>\n\n\n\n<p>Si ejerces cualquiera de los derechos mencionados en\neste documento, te pediremos que te identifiques con una identificaci\u00f3n v\u00e1lida,\npara asegurarnos que los datos son efectivamente tuyos. Es importante que te\nencargues de camuflar tus datos de seguridad social y tu foto. Usualmente,\nharemos lo que nos pides en menos de 30 d\u00edas. Este plazo puede extenderse si el\nrequerimiento es muy complejo o est\u00e1 ligado a un derecho espec\u00edfico. Ser\u00e1s\nnotificado al respecto de posibles extensiones al plazo. <\/p>\n\n\n\n<h3 class=\"wp-block-heading\">Quejas\n<\/h3>\n\n\n\n<p>Si crees\nque no te hemos ayudado o respondido a tus preguntas como necesitas, tienes el\nderecho de presentar quejas ante las autoridades pertinentes. En Espa\u00f1a, puedes\nhacerlo frente a la Agencia Espa\u00f1ola de Protecci\u00f3n de Datos, C\/Jorge Juan, 6,\n28001- Madrid o en la direcci\u00f3n de correo electr\u00f3nico dpd@agpd.es. En\nPa\u00edses Bajos, Autoridad de Protecci\u00f3n de Datos (Autoriteit Persoonsgegevens) &#8211; https:\/\/www.autoriteitpersoonsgegevens.nl\/. <\/p>\n","protected":false},"excerpt":{"rendered":"<p>1 de abril de 2019 En VoteMatch Europe nos tomamos muy en serio tu privacidad. Todo el procesamiento de datos personales en VoteMatch Europe se realiza de conformidad con la legislaci\u00f3n vigente, incluida la Ley General de Protecci\u00f3n de Datos. Esto quiere decir que nosotros: \u2022 Especificamos claramente nuestro prop\u00f3sito antes de procesar datos personales [&hellip;]<\/p>\n","protected":false},"author":1,"featured_media":0,"parent":0,"menu_order":0,"comment_status":"closed","ping_status":"open","template":"","meta":{"_acf_changed":false,"footnotes":""},"class_list":["post-651","page","type-page","status-publish","hentry"],"acf":[],"_links":{"self":[{"href":"https:\/\/acc.votematch.eu\/es\/wp-json\/wp\/v2\/pages\/651","targetHints":{"allow":["GET"]}}],"collection":[{"href":"https:\/\/acc.votematch.eu\/es\/wp-json\/wp\/v2\/pages"}],"about":[{"href":"https:\/\/acc.votematch.eu\/es\/wp-json\/wp\/v2\/types\/page"}],"author":[{"embeddable":true,"href":"https:\/\/acc.votematch.eu\/es\/wp-json\/wp\/v2\/users\/1"}],"replies":[{"embeddable":true,"href":"https:\/\/acc.votematch.eu\/es\/wp-json\/wp\/v2\/comments?post=651"}],"version-history":[{"count":1,"href":"https:\/\/acc.votematch.eu\/es\/wp-json\/wp\/v2\/pages\/651\/revisions"}],"predecessor-version":[{"id":652,"href":"https:\/\/acc.votematch.eu\/es\/wp-json\/wp\/v2\/pages\/651\/revisions\/652"}],"wp:attachment":[{"href":"https:\/\/acc.votematch.eu\/es\/wp-json\/wp\/v2\/media?parent=651"}],"curies":[{"name":"wp","href":"https:\/\/api.w.org\/{rel}","templated":true}]}}