{"id":641,"date":"2019-05-16T14:45:50","date_gmt":"2019-05-16T14:45:50","guid":{"rendered":"http:\/\/acc.votematch.eu\/preguntas-frecuentes\/"},"modified":"2019-05-16T14:57:15","modified_gmt":"2019-05-16T14:57:15","slug":"preguntas-frecuentes","status":"publish","type":"page","link":"https:\/\/acc.votematch.eu\/es\/preguntas-frecuentes\/","title":{"rendered":"Preguntas Frecuentes"},"content":{"rendered":"\n<h3 class=\"wp-block-heading\">\u00bfQu\u00e9 es VoteMatch Europe?<\/h3>\n\n\n\n<p>VoteMatch Europe es una\nherramienta educativa para informar a los ciudadanos sobre las elecciones del\nParlamento Europeo. Permite que los ciudadanos comparen sus posiciones\npol\u00edticas a nivel nacional con otros partidos pol\u00edticos en diversos pa\u00edses\nEuropeos.<\/p>\n\n\n\n<h3 class=\"wp-block-heading\">\u00bfC\u00f3mo se eligen las\nafirmaciones que forman parte del VoteMatch?<\/h3>\n\n\n\n<p>Los socios locales del\nproyecto VoteMatch Europe colaboraron en el dise\u00f1o de una lista de 16\nafirmaciones, que cubren distintos temas y asuntos. Estas afirmaciones se usan\nen todas las aplicaciones de ayuda al voto locales, en algunos casos\ncomplementadas con m\u00e1s afirmaciones locales.<\/p>\n\n\n\n<h3 class=\"wp-block-heading\">\u00bfPor qu\u00e9 no todos los\npa\u00edses europeos est\u00e1n representados en VoteMatch Europe?<\/h3>\n\n\n\n<p>El proyecto VoteMatch Europe\ndepende de socios locales en los estados miembros de la UE. S\u00f3lo los estados\nmiembros que tienen socios participando est\u00e1n disponibles en el VoteMatch\nEurope.<\/p>\n\n\n\n<h3 class=\"wp-block-heading\">\u00bfC\u00f3mo gestiona VoteMatch\nEurope los requerimientos de privacidad?<\/h3>\n\n\n\n<p>VoteMatch Europe y sus socios\ntienen un compromiso con los usuarios a ser muy cuidadosos con temas de\nprivacidad. El aviso de privacidad de votematch.eu contiene m\u00e1s detalles sobre\nc\u00f3mo cuidamos la privacidad de los usuarios.<\/p>\n\n\n\n<h3 class=\"wp-block-heading\">\u00bfQui\u00e9n provee de fondos a\neste proyecto?<\/h3>\n\n\n\n<p>La principal organizaci\u00f3n que\notorga fondos es la BPB, la Federaci\u00f3n Alemania para la Educaci\u00f3n C\u00edvica.\nNuestro socio neerland\u00e9s ProDemos-Casa de la Democracia y el Estado de Derecho\ncontribuye con la administraci\u00f3n del proyecto. El Goethe Institut ha otorgado\nfondos para la traducci\u00f3n y apoyo para la promoci\u00f3n de la herramienta.<\/p>\n\n\n\n<h3 class=\"wp-block-heading\">\u00bfEs VoteMatch EU una\nherramienta cient\u00edfica?<\/h3>\n\n\n\n<p>VoteMatch EU informa a los\nciudadanos sobre las elecciones al Parlamento Europeo y muestra las diferencias\nprogram\u00e1ticas entre los partidos que se presentan en los diferentes pa\u00edses. No\nes una herramienta cient\u00edfica los resultados que se muestran deben ser\nconsiderados como una sugerencia para que los votantes comiencen su propia\ninvestigaci\u00f3n hacia un voto realmente informado.<\/p>\n","protected":false},"excerpt":{"rendered":"<p>\u00bfQu\u00e9 es VoteMatch Europe? VoteMatch Europe es una herramienta educativa para informar a los ciudadanos sobre las elecciones del Parlamento Europeo. Permite que los ciudadanos comparen sus posiciones pol\u00edticas a nivel nacional con otros partidos pol\u00edticos en diversos pa\u00edses Europeos. \u00bfC\u00f3mo se eligen las afirmaciones que forman parte del VoteMatch? Los socios locales del proyecto [&hellip;]<\/p>\n","protected":false},"author":1,"featured_media":0,"parent":0,"menu_order":0,"comment_status":"closed","ping_status":"closed","template":"","meta":{"_acf_changed":false,"footnotes":""},"class_list":["post-641","page","type-page","status-publish","hentry"],"acf":[],"_links":{"self":[{"href":"https:\/\/acc.votematch.eu\/es\/wp-json\/wp\/v2\/pages\/641","targetHints":{"allow":["GET"]}}],"collection":[{"href":"https:\/\/acc.votematch.eu\/es\/wp-json\/wp\/v2\/pages"}],"about":[{"href":"https:\/\/acc.votematch.eu\/es\/wp-json\/wp\/v2\/types\/page"}],"author":[{"embeddable":true,"href":"https:\/\/acc.votematch.eu\/es\/wp-json\/wp\/v2\/users\/1"}],"replies":[{"embeddable":true,"href":"https:\/\/acc.votematch.eu\/es\/wp-json\/wp\/v2\/comments?post=641"}],"version-history":[{"count":2,"href":"https:\/\/acc.votematch.eu\/es\/wp-json\/wp\/v2\/pages\/641\/revisions"}],"predecessor-version":[{"id":647,"href":"https:\/\/acc.votematch.eu\/es\/wp-json\/wp\/v2\/pages\/641\/revisions\/647"}],"wp:attachment":[{"href":"https:\/\/acc.votematch.eu\/es\/wp-json\/wp\/v2\/media?parent=641"}],"curies":[{"name":"wp","href":"https:\/\/api.w.org\/{rel}","templated":true}]}}