{"id":310,"date":"2019-04-24T11:23:03","date_gmt":"2019-04-24T11:23:03","guid":{"rendered":"http:\/\/acc.votematch.eu\/faq\/"},"modified":"2019-05-02T14:49:43","modified_gmt":"2019-05-02T14:49:43","slug":"faq","status":"publish","type":"page","link":"https:\/\/acc.votematch.eu\/de\/faq\/","title":{"rendered":"FAQ"},"content":{"rendered":"\n<h3 class=\"wp-block-heading\">Was ist VoteMatch Europe? <\/h3>\n\n\n\n<p>VoteMatch Europe ist ein Informationsangebot f\u00fcr Nutzer\/innen, durch das sie die Parteienlandschaft anderer EU-L\u00e4nder kennenlernen und ihre Position mit der Position der Parteien anderer EU-Mitgliedsstaaten vergleichen k\u00f6nnen.<\/p>\n\n\n\n<h3 class=\"wp-block-heading\" id=\"mce_2\">Wie wurden die Thesen f\u00fcr den VoteMatch ausgew\u00e4hlt?<\/h3>\n\n\n\n<p>Die teilnehmenden lokalen Partnerorganisationen des VoteMatch Programms haben sich auf eine Auswahl von 16 Thesen festgelegt, durch die verschiedene Themenbereiche abgedeckt werden. Die Thesen werden sowohl f\u00fcr das Ranking im nationalen Wahl-O-Mat, als auch f\u00fcr das Ranking der europ\u00e4ischen Parteien im VoteMatch verwendet.<\/p>\n\n\n\n<h3 class=\"wp-block-heading\" id=\"mce_2\">Warum sind nicht alle L\u00e4nder im VoteMatch Europe verf\u00fcgbar?<\/h3>\n\n\n\n<p>VoteMatch Europe ist auf die Zusammenarbeit mit Partnerorganisationen in den jeweiligen Europ\u00e4ischen Mitgliedsstaaten angewiesen. Das Ranking ist deshalb nur f\u00fcr diejenigen L\u00e4nder verf\u00fcgbar, in denen das VoteMatch Netzwerk Partnerorganisationen hat.<\/p>\n\n\n\n<h3 class=\"wp-block-heading\">Wie regelt VoteMatch Europa Datenschutz? <\/h3>\n\n\n\n<p>VoteMatch Europe und seine Partneroragnisationen haben sich verpflichtet, Datenschutzfragen sorgf\u00e4ltig zu pr\u00fcfen. Die Datenschutzerkl\u00e4rung von votematch.eu informiert alle Nutzer\/innen dar\u00fcber, wie wir mit der Privatsph\u00e4re der Nutzer\/innen umgehen.<\/p>\n\n\n\n<h3 class=\"wp-block-heading\">Wer finanziert das Projekt?<\/h3>\n\n\n\n<p>Der gr\u00f6\u00dfte Geldgeber ist die Bundeszentrale f\u00fcr politische Bildung- bpb . Der niederl\u00e4ndische Partner ProDemos &#8211; House for Democracy and the Rule of Law hat das Projektmanagement \u00fcbernommen. Das Goethe-Institut stellte die \u00dcbersetzungen und die Unterst\u00fctzung f\u00fcr die Vermarktung des Tools zur Verf\u00fcgung.<\/p>\n\n\n\n<h3 class=\"wp-block-heading\">Ist VoteMatch ein wissenschaftliches Tool? <\/h3>\n\n\n\n<p>VoteMatch Europe informiert die B\u00fcrger\/innen \u00fcber die Wahlen zum Europ\u00e4ischen Parlament und zeigt programmatische Unterschiede zwischen den teilnehmenden Parteien in verschiedenen L\u00e4ndern auf. Es ist kein wissenschaftliches Werkzeug, die Ergebnisse, die gezeigt werden, sollten als Vorschlag f\u00fcr die W\u00e4hler\/innen betrachtet werden, sich mehr mit den Parteien auseinanderzusetzen und m\u00f6chte informierte W\u00e4hler\/innen f\u00f6rdern.<\/p>\n","protected":false},"excerpt":{"rendered":"<p>Was ist VoteMatch Europe? VoteMatch Europe ist ein Informationsangebot f\u00fcr Nutzer\/innen, durch das sie die Parteienlandschaft anderer EU-L\u00e4nder kennenlernen und ihre Position mit der Position der Parteien anderer EU-Mitgliedsstaaten vergleichen k\u00f6nnen. Wie wurden die Thesen f\u00fcr den VoteMatch ausgew\u00e4hlt? Die teilnehmenden lokalen Partnerorganisationen des VoteMatch Programms haben sich auf eine Auswahl von 16 Thesen festgelegt, [&hellip;]<\/p>\n","protected":false},"author":1,"featured_media":0,"parent":0,"menu_order":0,"comment_status":"closed","ping_status":"closed","template":"","meta":{"_acf_changed":false,"footnotes":""},"class_list":["post-310","page","type-page","status-publish","hentry"],"acf":[],"_links":{"self":[{"href":"https:\/\/acc.votematch.eu\/de\/wp-json\/wp\/v2\/pages\/310","targetHints":{"allow":["GET"]}}],"collection":[{"href":"https:\/\/acc.votematch.eu\/de\/wp-json\/wp\/v2\/pages"}],"about":[{"href":"https:\/\/acc.votematch.eu\/de\/wp-json\/wp\/v2\/types\/page"}],"author":[{"embeddable":true,"href":"https:\/\/acc.votematch.eu\/de\/wp-json\/wp\/v2\/users\/1"}],"replies":[{"embeddable":true,"href":"https:\/\/acc.votematch.eu\/de\/wp-json\/wp\/v2\/comments?post=310"}],"version-history":[{"count":2,"href":"https:\/\/acc.votematch.eu\/de\/wp-json\/wp\/v2\/pages\/310\/revisions"}],"predecessor-version":[{"id":340,"href":"https:\/\/acc.votematch.eu\/de\/wp-json\/wp\/v2\/pages\/310\/revisions\/340"}],"wp:attachment":[{"href":"https:\/\/acc.votematch.eu\/de\/wp-json\/wp\/v2\/media?parent=310"}],"curies":[{"name":"wp","href":"https:\/\/api.w.org\/{rel}","templated":true}]}}