{"id":447,"date":"2019-05-09T21:25:23","date_gmt":"2019-05-09T21:25:23","guid":{"rendered":"http:\/\/acc.votematch.eu\/faq\/"},"modified":"2019-05-09T21:30:27","modified_gmt":"2019-05-09T21:30:27","slug":"faq","status":"publish","type":"page","link":"https:\/\/acc.votematch.eu\/da\/faq\/","title":{"rendered":"FAQ"},"content":{"rendered":"\n<h3 class=\"wp-block-heading\">Hvad er VoteMatch Europe?<\/h3>\n\n\n\n<p>VoteMatch Europe er et v\u00e6rkt\u00f8j, der giver v\u00e6lgerne mulighed for at\nsammenligne deres politiske holdninger i deres eget land med partier i andre\neurop\u00e6iske lande. VoteMatch Europe blev f\u00f8rste gang lanceret 2014.<\/p>\n\n\n\n<h3 class=\"wp-block-heading\">Hvordan er sp\u00f8rgsm\u00e5lene, der\nindg\u00e5r i VoteMatch&#8217;s valgtest, udvalgt?<\/h3>\n\n\n\n<p>De forskellige partnere fra de deltagende lande i VoteMatch Europe har\nudarbejdet 16 udsagn om europ\u00e6isk politik, der s\u00e5 vidt som muligt er relevant i\nalle medlemslande. Disse udsagn indg\u00e5r s\u00e5 i partnernes forskellige valgtests i\nde forskellige lande evt sammen med andre mere nationale udsagn.<\/p>\n\n\n\n<h3 class=\"wp-block-heading\">Hvorfor er alle lande i EU ikke\nmed VoteMatch Europe?<\/h3>\n\n\n\n<p>VoteMatch Europe kan kun lade sig g\u00f8re med hj\u00e6lp fra partnere, der\nudf\u00f8rer valgtest eller kandidattest i de g\u00e6ldende lande. Det er ikke alle\nlande, der har tradition for valgtest. Kun medlemslande med deltagende partnere\nfindes med i VoteMatch Europe.<\/p>\n\n\n\n<h3 class=\"wp-block-heading\">Hvordan h\u00e5ndterer VoteMatch\nEurope privatlivspolitiske rettigheder?<\/h3>\n\n\n\n<p>Partnerne i VoteMatch Europe har forpligtet sig til varsom h\u00e5ndtering\naf privatlivsoplysninger. Du kan l\u00e6se mere i vores &#8220;Privacy\nstatement&#8221;, hvordan vi h\u00e5ndterer brugernes privatlivsoplysninger.<\/p>\n\n\n\n<h3 class=\"wp-block-heading\">Hvem har betalt for VoteMatch\nEurope?<\/h3>\n\n\n\n<p>Hoveddonorer til projektet er BPB, Bundeszentrale f\u00fcr politische\nBildung. ProDemos &#8211; House for\nDemocracy and the Rule of Law stod for projektledelse og The Goethe Institut\nhar st\u00e5et for overs\u00e6ttelse og udbredelse.<\/p>\n\n\n\n<h3 class=\"wp-block-heading\">Er Votematch Europe et\nvidenskabligt v\u00e6rkt\u00f8j?<\/h3>\n\n\n\n<p>Votematch Europe informerer borgerne omkring valg til\nEuropa-Parlamentet og viser forskellen mellem de konkurrende partier i\nforskellige lande. Det er ikke et videnskabeligt redskab. Resultaterne som\nvises b\u00f8r betragtes som et forslag til v\u00e6lgerne om at ops\u00f8ge viden omkring en\nvelfunderet stemmeafgivelse.<\/p>\n","protected":false},"excerpt":{"rendered":"<p>Hvad er VoteMatch Europe? VoteMatch Europe er et v\u00e6rkt\u00f8j, der giver v\u00e6lgerne mulighed for at sammenligne deres politiske holdninger i deres eget land med partier i andre europ\u00e6iske lande. VoteMatch Europe blev f\u00f8rste gang lanceret 2014. Hvordan er sp\u00f8rgsm\u00e5lene, der indg\u00e5r i VoteMatch&#8217;s valgtest, udvalgt? De forskellige partnere fra de deltagende lande i VoteMatch Europe [&hellip;]<\/p>\n","protected":false},"author":1,"featured_media":0,"parent":0,"menu_order":0,"comment_status":"closed","ping_status":"closed","template":"","meta":{"_acf_changed":false,"footnotes":""},"class_list":["post-447","page","type-page","status-publish","hentry"],"acf":[],"_links":{"self":[{"href":"https:\/\/acc.votematch.eu\/da\/wp-json\/wp\/v2\/pages\/447","targetHints":{"allow":["GET"]}}],"collection":[{"href":"https:\/\/acc.votematch.eu\/da\/wp-json\/wp\/v2\/pages"}],"about":[{"href":"https:\/\/acc.votematch.eu\/da\/wp-json\/wp\/v2\/types\/page"}],"author":[{"embeddable":true,"href":"https:\/\/acc.votematch.eu\/da\/wp-json\/wp\/v2\/users\/1"}],"replies":[{"embeddable":true,"href":"https:\/\/acc.votematch.eu\/da\/wp-json\/wp\/v2\/comments?post=447"}],"version-history":[{"count":2,"href":"https:\/\/acc.votematch.eu\/da\/wp-json\/wp\/v2\/pages\/447\/revisions"}],"predecessor-version":[{"id":450,"href":"https:\/\/acc.votematch.eu\/da\/wp-json\/wp\/v2\/pages\/447\/revisions\/450"}],"wp:attachment":[{"href":"https:\/\/acc.votematch.eu\/da\/wp-json\/wp\/v2\/media?parent=447"}],"curies":[{"name":"wp","href":"https:\/\/api.w.org\/{rel}","templated":true}]}}