{"id":359,"date":"2019-05-07T20:01:17","date_gmt":"2019-05-07T20:01:17","guid":{"rendered":"http:\/\/acc.votematch.eu\/caste-otazky\/"},"modified":"2019-05-07T20:04:16","modified_gmt":"2019-05-07T20:04:16","slug":"caste-otazky","status":"publish","type":"page","link":"https:\/\/acc.votematch.eu\/cs\/caste-otazky\/","title":{"rendered":"\u010cast\u011b ot\u00e1zky"},"content":{"rendered":"\n<h3 class=\"wp-block-heading\">Co to je VoteMatch Europe? <\/h3>\n\n\n\n<p>VoteMatch Europe je vzd\u011bl\u00e1vac\u00ed n\u00e1stroj pro informov\u00e1n\u00ed ob\u010dan\u016f o volb\u00e1ch do Evropsk\u00e9ho parlamentu. Umo\u017e\u0148uje ob\u010dan\u016fm srovn\u00e1vat sv\u00e9 n\u00e1rodn\u00ed politick\u00e9 rozhodnut\u00ed s politick\u00fdmi stranami v jin\u00fdch evropsk\u00fdch zem\u00edch.<\/p>\n\n\n\n<h3 class=\"wp-block-heading\" id=\"mce_2\">Jak byly ot\u00e1zky do VoteMatch Europe vybr\u00e1ny?<\/h3>\n\n\n\n<p>Z\u00fa\u010dastn\u011bn\u00ed m\u00edstn\u00ed partne\u0159i projektu VoteMatch Europe vytvo\u0159ili seznam 16 prohl\u00e1\u0161en\u00ed, kter\u00e1 se t\u00fdkaj\u00ed r\u016fzn\u00fdch t\u00e9mat a t\u00e9mat. Tyto ot\u00e1zky se pou\u017e\u00edvaj\u00ed ve v\u0161ech m\u00edstn\u00edch aplikac\u00edch, spolu s m\u00edstn\u00edmi ot\u00e1zkami.<\/p>\n\n\n\n<h3 class=\"wp-block-heading\" id=\"mce_2\">Pro\u010d nejsou ve VoteMatch Europe v\u0161echny zem\u011b?<\/h3>\n\n\n\n<p>Projekt VoteMatch Europe z\u00e1vis\u00ed na m\u00edstn\u00edch partnerech v \u010dlensk\u00fdch st\u00e1tech EU. Ve VoteMatch Europe jsou k dispozici pouze \u010dlensk\u00e9 st\u00e1ty se z\u00fa\u010dastn\u011bn\u00fdmi partnery.<\/p>\n\n\n\n<h3 class=\"wp-block-heading\">Jak se VoteMatch Europe vypo\u0159\u00e1d\u00e1v\u00e1 s ot\u00e1zkou ochrany soukrom\u00ed?<\/h3>\n\n\n\n<p>VoteMatch Europe a jej\u00ed partne\u0159i se zav\u00e1zali, \u017ee budou pe\u010dliv\u011b sledovat ot\u00e1zky ochrany soukrom\u00ed. Prohl\u00e1\u0161en\u00ed o ochran\u011b osobn\u00edch \u00fadaj\u016f votematch.eu informuje v\u0161echny u\u017eivatele o tom, jak se star\u00e1me o soukrom\u00ed u\u017eivatel\u016f.<\/p>\n\n\n\n<h3 class=\"wp-block-heading\">Kdo poskytl finan\u010dn\u00ed podporu tomuto projektu?<\/h3>\n\n\n\n<p>Hlavn\u00ed zakl\u00e1daj\u00edc\u00ed organizac\u00ed je BPB, N\u011bmeck\u00e1 federace ob\u010dansk\u00e9ho vzd\u011bl\u00e1v\u00e1n\u00ed. Holandsk\u00fd partner ProDemos &#8211; D\u016fm pro demokracii a pr\u00e1vn\u00ed st\u00e1t p\u0159isp\u011bl k \u0159\u00edzen\u00ed projekt\u016f. P\u0159eklady a podporu pro propagaci n\u00e1stroje poskytl Goethe Institut.<\/p>\n\n\n\n<h3 class=\"wp-block-heading\">Je VoteMatch Europe v\u011bdeck\u00fd n\u00e1stroj?<\/h3>\n\n\n\n<p>VoteMatch Europe informuje ob\u010dany o volb\u00e1ch do Evropsk\u00e9ho parlamentu a ukazuje programov\u00e9 rozd\u00edly mezi sout\u011b\u017e\u00edc\u00edmi stranami v r\u016fzn\u00fdch zem\u00edch. Nen\u00ed to v\u011bdeck\u00fd n\u00e1stroj, v\u00fdsledky, kter\u00e9 jsou uk\u00e1z\u00e1ny, by m\u011bly b\u00fdt pova\u017eov\u00e1ny za pomoc pro voli\u010de, aby za\u010dali sv\u016fj vlastn\u00ed v\u00fdzkum k informovan\u00e9mu hlasov\u00e1n\u00ed.<\/p>\n","protected":false},"excerpt":{"rendered":"<p>Co to je VoteMatch Europe? VoteMatch Europe je vzd\u011bl\u00e1vac\u00ed n\u00e1stroj pro informov\u00e1n\u00ed ob\u010dan\u016f o volb\u00e1ch do Evropsk\u00e9ho parlamentu. Umo\u017e\u0148uje ob\u010dan\u016fm srovn\u00e1vat sv\u00e9 n\u00e1rodn\u00ed politick\u00e9 rozhodnut\u00ed s politick\u00fdmi stranami v jin\u00fdch evropsk\u00fdch zem\u00edch. Jak byly ot\u00e1zky do VoteMatch Europe vybr\u00e1ny? Z\u00fa\u010dastn\u011bn\u00ed m\u00edstn\u00ed partne\u0159i projektu VoteMatch Europe vytvo\u0159ili seznam 16 prohl\u00e1\u0161en\u00ed, kter\u00e1 se t\u00fdkaj\u00ed r\u016fzn\u00fdch t\u00e9mat a [&hellip;]<\/p>\n","protected":false},"author":1,"featured_media":0,"parent":0,"menu_order":0,"comment_status":"closed","ping_status":"closed","template":"","meta":{"_acf_changed":false,"footnotes":""},"class_list":["post-359","page","type-page","status-publish","hentry"],"acf":[],"_links":{"self":[{"href":"https:\/\/acc.votematch.eu\/cs\/wp-json\/wp\/v2\/pages\/359","targetHints":{"allow":["GET"]}}],"collection":[{"href":"https:\/\/acc.votematch.eu\/cs\/wp-json\/wp\/v2\/pages"}],"about":[{"href":"https:\/\/acc.votematch.eu\/cs\/wp-json\/wp\/v2\/types\/page"}],"author":[{"embeddable":true,"href":"https:\/\/acc.votematch.eu\/cs\/wp-json\/wp\/v2\/users\/1"}],"replies":[{"embeddable":true,"href":"https:\/\/acc.votematch.eu\/cs\/wp-json\/wp\/v2\/comments?post=359"}],"version-history":[{"count":2,"href":"https:\/\/acc.votematch.eu\/cs\/wp-json\/wp\/v2\/pages\/359\/revisions"}],"predecessor-version":[{"id":361,"href":"https:\/\/acc.votematch.eu\/cs\/wp-json\/wp\/v2\/pages\/359\/revisions\/361"}],"wp:attachment":[{"href":"https:\/\/acc.votematch.eu\/cs\/wp-json\/wp\/v2\/media?parent=359"}],"curies":[{"name":"wp","href":"https:\/\/api.w.org\/{rel}","templated":true}]}}